{"id":10322,"date":"2021-03-11T17:15:42","date_gmt":"2021-03-11T16:15:42","guid":{"rendered":"https:\/\/ps7.pravri.uniri.hr\/?page_id=10322"},"modified":"2021-03-28T00:57:05","modified_gmt":"2021-03-27T23:57:05","slug":"ps-5","status":"publish","type":"page","link":"https:\/\/ps7.pravri.uniri.hr\/en\/ps-5\/","title":{"rendered":"PS 5"},"content":{"rendered":"<div class=\"vc_row wpb_row vc_row-fluid\"><div class=\"wpb_column vc_column_container vc_col-sm-12\"><div class=\"vc_column-inner\"><div class=\"wpb_wrapper\"><div class=\"wpb_gallery wpb_content_element vc_clearfix\" ><div class=\"wpb_wrapper\"><h2 class=\"wpb_heading wpb_gallery_heading\">About the PS 5<\/h2><div class=\"wpb_gallery_slides wpb_slider_nivo theme-default\" data-interval=\"3\"><div class=\"nivoSlider\"><a class=\"prettyphoto\" href=\"https:\/\/ps7.pravri.uniri.hr\/wp-content\/uploads\/2017\/06\/PS5-1024x393.jpg\" data-rel=\"prettyPhoto[rel-10322-102024449]\"><img width=\"1500\" height=\"575\" src=\"https:\/\/ps7.pravri.uniri.hr\/wp-content\/uploads\/2017\/06\/PS5.jpg\" class=\"attachment-full\" alt=\"\" loading=\"lazy\" srcset=\"https:\/\/ps7.pravri.uniri.hr\/wp-content\/uploads\/2017\/06\/PS5.jpg 1500w, https:\/\/ps7.pravri.uniri.hr\/wp-content\/uploads\/2017\/06\/PS5-300x115.jpg 300w, https:\/\/ps7.pravri.uniri.hr\/wp-content\/uploads\/2017\/06\/PS5-1024x393.jpg 1024w, https:\/\/ps7.pravri.uniri.hr\/wp-content\/uploads\/2017\/06\/PS5-768x294.jpg 768w\" sizes=\"(max-width: 1500px) 100vw, 1500px\" \/><\/a><\/div><\/div><\/div><\/div>\n\t<div class=\"wpb_text_column wpb_content_element\" >\n\t\t<div class=\"wpb_wrapper\">\n\t\t\t<p style=\"text-align: justify;\"><span style=\"font-size: 14pt;\">The 5th Petar \u0160ar\u010devi\u0107 International Scientific Conference titled <strong>Information and Data - The Road Ahead<\/strong> was held in Opatija, Croatia, 6-7 October 2017. In the words of Kristian Turkalj, State Secretary at the Ministry of Justice of the Republic of Croatia:<\/span><\/p>\n<blockquote class=\"gdlr-align-center\">\n<p style=\"text-align: justify;\"><strong><span style=\"font-size: 14pt;\">\"I believe that it is truly important to talk about these topics at a scientific and professional level, in particular within the format of the conference such as the Petar \u0160ar\u010devi\u0107 conference series which gathers large number of eminent foreign and domestic scientists and experts in the respective fields. As I expected, presentations by eminent participants once again demonstrated the importance of the contribution this conference has for disseminating the current European solutions and the most recent developments in European and comparative, law among the members of the legal profession. In my opinion this conference was indeed useful to all participants as it offered the platform for discussion and analysis of legislative novelties and case law in the areas in focus.\"<\/span><\/strong><\/p>\n<\/blockquote>\n<p style=\"text-align: justify;\"><span style=\"font-size: 14pt;\">This two-day event was dedicated to issues of protection of confidential information, business secrets and personal data in the context of technological advancement and resulting economic and social developments. These topics are important both for the ones whose information and data are at stake and those who have an interest in knowing or using them. Given the recent EU legislation and case-law, the need for compliance is pressuring upon not only for EU-based companies, but also others whose operations involve EU residents.<\/span><\/p>\n<p style=\"text-align: justify;\"><span style=\"font-size: 14pt;\">The conference was divided into three sessions: Protection of confidential information v access\/disclosure, Managing data protection: A tall order for controllers and subjects, and Litigation in the midst of economic and technological changes. More information is available <a style=\"font-size: 14pt;\" href=\"http:\/\/ps5conference.law.hr\/\" target=\"_blank\" rel=\"noopener\">here<\/a>.<\/span><\/p>\n\n\t\t<\/div>\n\t<\/div>\n<\/div><\/div><\/div><\/div>","protected":false},"excerpt":{"rendered":"O konferenciji PS 5 5. me\u0111unarodna znanstvena konferencija Petar \u0160ar\u010devi\u0107 pod nazivom Informacije i podaci: Pogled u budu\u0107nost odr\u017eana je u Opatiji, Hrvatska, 6. i 7. listopada 2017. Kako je naveo Kristian Turkalj, dr\u017eavni tajnik u Ministarstvu pravosu\u0111a Republike Hrvatske: \u201eVjerujem kako je zaista va\u017eno govoriti o ovim temama na znanstvenoj i stru\u010dnoj razini, posebice","protected":false},"author":3,"featured_media":0,"parent":0,"menu_order":0,"comment_status":"closed","ping_status":"closed","template":"","meta":[],"yoast_head":"<!-- This site is optimized with the Yoast SEO plugin v16.1.1 - https:\/\/yoast.com\/wordpress\/plugins\/seo\/ -->\n<title>PS 5 -<\/title>\n<link rel=\"canonical\" href=\"https:\/\/ps7.pravri.uniri.hr\/en\/ps-5\/\" \/>\n<meta property=\"og:locale\" content=\"en_GB\" \/>\n<meta property=\"og:type\" content=\"article\" \/>\n<meta property=\"og:title\" content=\"PS 5 -\" \/>\n<meta property=\"og:url\" content=\"https:\/\/ps7.pravri.uniri.hr\/en\/ps-5\/\" \/>\n<meta property=\"article:modified_time\" content=\"2021-03-27T23:57:05+00:00\" \/>\n<meta name=\"twitter:card\" content=\"summary_large_image\" \/>\n<meta name=\"twitter:label1\" content=\"Estimated reading time\">\n\t<meta name=\"twitter:data1\" content=\"2 minutes\">\n<script type=\"application\/ld+json\" class=\"yoast-schema-graph\">{\"@context\":\"https:\/\/schema.org\",\"@graph\":[{\"@type\":\"Organization\",\"@id\":\"https:\/\/ps7.pravri.uniri.hr\/#organization\",\"name\":\"Konferencija Petar \\u0160ar\\u010devi\\u0107\",\"url\":\"https:\/\/ps7.pravri.uniri.hr\/\",\"sameAs\":[],\"logo\":{\"@type\":\"ImageObject\",\"@id\":\"https:\/\/ps7.pravri.uniri.hr\/#logo\",\"inLanguage\":\"en-GB\",\"url\":\"https:\/\/ps7.pravri.uniri.hr\/wp-content\/uploads\/2021\/03\/PravRi.jpg\",\"contentUrl\":\"https:\/\/ps7.pravri.uniri.hr\/wp-content\/uploads\/2021\/03\/PravRi.jpg\",\"width\":708,\"height\":708,\"caption\":\"Konferencija Petar \\u0160ar\\u010devi\\u0107\"},\"image\":{\"@id\":\"https:\/\/ps7.pravri.uniri.hr\/#logo\"}},{\"@type\":\"WebSite\",\"@id\":\"https:\/\/ps7.pravri.uniri.hr\/#website\",\"url\":\"https:\/\/ps7.pravri.uniri.hr\/\",\"name\":\"\",\"description\":\"\",\"publisher\":{\"@id\":\"https:\/\/ps7.pravri.uniri.hr\/#organization\"},\"potentialAction\":[{\"@type\":\"SearchAction\",\"target\":\"https:\/\/ps7.pravri.uniri.hr\/?s={search_term_string}\",\"query-input\":\"required name=search_term_string\"}],\"inLanguage\":\"en-GB\"},{\"@type\":\"WebPage\",\"@id\":\"https:\/\/ps7.pravri.uniri.hr\/ps-5\/#webpage\",\"url\":\"https:\/\/ps7.pravri.uniri.hr\/ps-5\/\",\"name\":\"PS 5 -\",\"isPartOf\":{\"@id\":\"https:\/\/ps7.pravri.uniri.hr\/#website\"},\"datePublished\":\"2021-03-11T16:15:42+00:00\",\"dateModified\":\"2021-03-27T23:57:05+00:00\",\"breadcrumb\":{\"@id\":\"https:\/\/ps7.pravri.uniri.hr\/ps-5\/#breadcrumb\"},\"inLanguage\":\"en-GB\",\"potentialAction\":[{\"@type\":\"ReadAction\",\"target\":[\"https:\/\/ps7.pravri.uniri.hr\/ps-5\/\"]}]},{\"@type\":\"BreadcrumbList\",\"@id\":\"https:\/\/ps7.pravri.uniri.hr\/ps-5\/#breadcrumb\",\"itemListElement\":[{\"@type\":\"ListItem\",\"position\":1,\"item\":{\"@type\":\"WebPage\",\"@id\":\"https:\/\/ps7.pravri.uniri.hr\/\",\"url\":\"https:\/\/ps7.pravri.uniri.hr\/\",\"name\":\"Home\"}},{\"@type\":\"ListItem\",\"position\":2,\"item\":{\"@type\":\"WebPage\",\"@id\":\"https:\/\/ps7.pravri.uniri.hr\/ps-5\/\",\"url\":\"https:\/\/ps7.pravri.uniri.hr\/ps-5\/\",\"name\":\"PS 5\"}}]}]}<\/script>\n<!-- \/ Yoast SEO plugin. -->","_links":{"self":[{"href":"https:\/\/ps7.pravri.uniri.hr\/en\/wp-json\/wp\/v2\/pages\/10322"}],"collection":[{"href":"https:\/\/ps7.pravri.uniri.hr\/en\/wp-json\/wp\/v2\/pages"}],"about":[{"href":"https:\/\/ps7.pravri.uniri.hr\/en\/wp-json\/wp\/v2\/types\/page"}],"author":[{"embeddable":true,"href":"https:\/\/ps7.pravri.uniri.hr\/en\/wp-json\/wp\/v2\/users\/3"}],"replies":[{"embeddable":true,"href":"https:\/\/ps7.pravri.uniri.hr\/en\/wp-json\/wp\/v2\/comments?post=10322"}],"version-history":[{"count":18,"href":"https:\/\/ps7.pravri.uniri.hr\/en\/wp-json\/wp\/v2\/pages\/10322\/revisions"}],"predecessor-version":[{"id":19022,"href":"https:\/\/ps7.pravri.uniri.hr\/en\/wp-json\/wp\/v2\/pages\/10322\/revisions\/19022"}],"wp:attachment":[{"href":"https:\/\/ps7.pravri.uniri.hr\/en\/wp-json\/wp\/v2\/media?parent=10322"}],"curies":[{"name":"wp","href":"https:\/\/api.w.org\/{rel}","templated":true}]}}