{"id":10669,"date":"2021-03-12T23:52:49","date_gmt":"2021-03-12T22:52:49","guid":{"rendered":"https:\/\/ps7.pravri.uniri.hr\/?page_id=10669"},"modified":"2021-03-28T00:53:27","modified_gmt":"2021-03-27T23:53:27","slug":"ps-2","status":"publish","type":"page","link":"https:\/\/ps7.pravri.uniri.hr\/en\/ps-2\/","title":{"rendered":"PS 2"},"content":{"rendered":"<div class=\"vc_row wpb_row vc_row-fluid\"><div class=\"wpb_column vc_column_container vc_col-sm-12\"><div class=\"vc_column-inner\"><div class=\"wpb_wrapper\"><div class=\"wpb_gallery wpb_content_element vc_clearfix\" ><div class=\"wpb_wrapper\"><h2 class=\"wpb_heading wpb_gallery_heading\">About the PS 2<\/h2><div class=\"wpb_gallery_slides wpb_flexslider flexslider_fade flexslider\" data-interval=\"3\" data-flex_fx=\"fade\"><ul class=\"slides\"><li><a class=\"prettyphoto\" href=\"https:\/\/ps7.pravri.uniri.hr\/wp-content\/uploads\/2021\/03\/Ship-1024x393.jpg\" data-rel=\"prettyPhoto[rel-10669-3194388776]\"><img width=\"1500\" height=\"575\" src=\"https:\/\/ps7.pravri.uniri.hr\/wp-content\/uploads\/2021\/03\/Ship.jpg\" class=\"attachment-full\" alt=\"\" loading=\"lazy\" srcset=\"https:\/\/ps7.pravri.uniri.hr\/wp-content\/uploads\/2021\/03\/Ship.jpg 1500w, https:\/\/ps7.pravri.uniri.hr\/wp-content\/uploads\/2021\/03\/Ship-300x115.jpg 300w, https:\/\/ps7.pravri.uniri.hr\/wp-content\/uploads\/2021\/03\/Ship-1024x393.jpg 1024w, https:\/\/ps7.pravri.uniri.hr\/wp-content\/uploads\/2021\/03\/Ship-768x294.jpg 768w\" sizes=\"(max-width: 1500px) 100vw, 1500px\" \/><\/a><\/li><\/ul><\/div><\/div><\/div>\n\t<div class=\"wpb_text_column wpb_content_element\" >\n\t\t<div class=\"wpb_wrapper\">\n\t\t\t<p><span style=\"font-size: 14pt;\">The second Petar \u0160ar\u010devi\u0107 international scientific conference <strong>The Resolution of International Maritime Disputes within the European and International Legal Framework<\/strong>was held in Brijuni, Croatia, on 2-3 June 2011.<\/span><\/p>\n<p><span style=\"font-size: 14pt;\">Download the <a style=\"font-size: 14pt;\" href=\"https:\/\/ps7.pravri.uniri.hr\/wp-content\/uploads\/2017\/06\/PS2-Konferencija-Program.pdf\" target=\"_blank\" rel=\"noopener\">programme<\/a>.<\/span><\/p>\n\n\t\t<\/div>\n\t<\/div>\n<\/div><\/div><\/div><\/div>","protected":false},"excerpt":{"rendered":"O konferenciji PS 2 2. me\u0111unarodna znanstvena konferencija Petar \u0160ar\u010devi\u0107 pod nazivom Rje\u0161avanje me\u0111unarodnih pomorskih sporova unutar europskog i me\u0111unarodnog pravnog okvira, odr\u017eana je na Brijunima, 2.-3. lipnja 2011. Preuzmite program.","protected":false},"author":3,"featured_media":0,"parent":0,"menu_order":0,"comment_status":"closed","ping_status":"closed","template":"","meta":[],"yoast_head":"<!-- This site is optimized with the Yoast SEO plugin v16.1.1 - https:\/\/yoast.com\/wordpress\/plugins\/seo\/ -->\n<title>PS 2 -<\/title>\n<link rel=\"canonical\" href=\"https:\/\/ps7.pravri.uniri.hr\/en\/ps-2\/\" \/>\n<meta property=\"og:locale\" content=\"en_GB\" \/>\n<meta property=\"og:type\" content=\"article\" \/>\n<meta property=\"og:title\" content=\"PS 2 -\" \/>\n<meta property=\"og:url\" content=\"https:\/\/ps7.pravri.uniri.hr\/en\/ps-2\/\" \/>\n<meta property=\"article:modified_time\" content=\"2021-03-27T23:53:27+00:00\" \/>\n<meta name=\"twitter:card\" content=\"summary_large_image\" \/>\n<script type=\"application\/ld+json\" class=\"yoast-schema-graph\">{\"@context\":\"https:\/\/schema.org\",\"@graph\":[{\"@type\":\"Organization\",\"@id\":\"https:\/\/ps7.pravri.uniri.hr\/#organization\",\"name\":\"Konferencija Petar \\u0160ar\\u010devi\\u0107\",\"url\":\"https:\/\/ps7.pravri.uniri.hr\/\",\"sameAs\":[],\"logo\":{\"@type\":\"ImageObject\",\"@id\":\"https:\/\/ps7.pravri.uniri.hr\/#logo\",\"inLanguage\":\"en-GB\",\"url\":\"https:\/\/ps7.pravri.uniri.hr\/wp-content\/uploads\/2021\/03\/PravRi.jpg\",\"contentUrl\":\"https:\/\/ps7.pravri.uniri.hr\/wp-content\/uploads\/2021\/03\/PravRi.jpg\",\"width\":708,\"height\":708,\"caption\":\"Konferencija Petar \\u0160ar\\u010devi\\u0107\"},\"image\":{\"@id\":\"https:\/\/ps7.pravri.uniri.hr\/#logo\"}},{\"@type\":\"WebSite\",\"@id\":\"https:\/\/ps7.pravri.uniri.hr\/#website\",\"url\":\"https:\/\/ps7.pravri.uniri.hr\/\",\"name\":\"\",\"description\":\"\",\"publisher\":{\"@id\":\"https:\/\/ps7.pravri.uniri.hr\/#organization\"},\"potentialAction\":[{\"@type\":\"SearchAction\",\"target\":\"https:\/\/ps7.pravri.uniri.hr\/?s={search_term_string}\",\"query-input\":\"required name=search_term_string\"}],\"inLanguage\":\"en-GB\"},{\"@type\":\"WebPage\",\"@id\":\"https:\/\/ps7.pravri.uniri.hr\/ps-2\/#webpage\",\"url\":\"https:\/\/ps7.pravri.uniri.hr\/ps-2\/\",\"name\":\"PS 2 -\",\"isPartOf\":{\"@id\":\"https:\/\/ps7.pravri.uniri.hr\/#website\"},\"datePublished\":\"2021-03-12T22:52:49+00:00\",\"dateModified\":\"2021-03-27T23:53:27+00:00\",\"breadcrumb\":{\"@id\":\"https:\/\/ps7.pravri.uniri.hr\/ps-2\/#breadcrumb\"},\"inLanguage\":\"en-GB\",\"potentialAction\":[{\"@type\":\"ReadAction\",\"target\":[\"https:\/\/ps7.pravri.uniri.hr\/ps-2\/\"]}]},{\"@type\":\"BreadcrumbList\",\"@id\":\"https:\/\/ps7.pravri.uniri.hr\/ps-2\/#breadcrumb\",\"itemListElement\":[{\"@type\":\"ListItem\",\"position\":1,\"item\":{\"@type\":\"WebPage\",\"@id\":\"https:\/\/ps7.pravri.uniri.hr\/\",\"url\":\"https:\/\/ps7.pravri.uniri.hr\/\",\"name\":\"Home\"}},{\"@type\":\"ListItem\",\"position\":2,\"item\":{\"@type\":\"WebPage\",\"@id\":\"https:\/\/ps7.pravri.uniri.hr\/ps-2\/\",\"url\":\"https:\/\/ps7.pravri.uniri.hr\/ps-2\/\",\"name\":\"PS 2\"}}]}]}<\/script>\n<!-- \/ Yoast SEO plugin. -->","_links":{"self":[{"href":"https:\/\/ps7.pravri.uniri.hr\/en\/wp-json\/wp\/v2\/pages\/10669"}],"collection":[{"href":"https:\/\/ps7.pravri.uniri.hr\/en\/wp-json\/wp\/v2\/pages"}],"about":[{"href":"https:\/\/ps7.pravri.uniri.hr\/en\/wp-json\/wp\/v2\/types\/page"}],"author":[{"embeddable":true,"href":"https:\/\/ps7.pravri.uniri.hr\/en\/wp-json\/wp\/v2\/users\/3"}],"replies":[{"embeddable":true,"href":"https:\/\/ps7.pravri.uniri.hr\/en\/wp-json\/wp\/v2\/comments?post=10669"}],"version-history":[{"count":4,"href":"https:\/\/ps7.pravri.uniri.hr\/en\/wp-json\/wp\/v2\/pages\/10669\/revisions"}],"predecessor-version":[{"id":19003,"href":"https:\/\/ps7.pravri.uniri.hr\/en\/wp-json\/wp\/v2\/pages\/10669\/revisions\/19003"}],"wp:attachment":[{"href":"https:\/\/ps7.pravri.uniri.hr\/en\/wp-json\/wp\/v2\/media?parent=10669"}],"curies":[{"name":"wp","href":"https:\/\/api.w.org\/{rel}","templated":true}]}}