{"id":10752,"date":"2021-03-13T00:23:36","date_gmt":"2021-03-12T23:23:36","guid":{"rendered":"https:\/\/ps7.pravri.uniri.hr\/?page_id=10752"},"modified":"2021-03-23T23:38:57","modified_gmt":"2021-03-23T22:38:57","slug":"ps-1","status":"publish","type":"page","link":"https:\/\/ps7.pravri.uniri.hr\/en\/ps-1\/","title":{"rendered":"PS 1"},"content":{"rendered":"<div class=\"vc_row wpb_row vc_row-fluid\"><div class=\"wpb_column vc_column_container vc_col-sm-12\"><div class=\"vc_column-inner\"><div class=\"wpb_wrapper\"><div class=\"wpb_gallery wpb_content_element vc_clearfix\" ><div class=\"wpb_wrapper\"><h2 class=\"wpb_heading wpb_gallery_heading\">About the PS 1<\/h2><div class=\"wpb_gallery_slides wpb_flexslider flexslider_fade flexslider\" data-interval=\"3\" data-flex_fx=\"fade\"><ul class=\"slides\"><li><a class=\"prettyphoto\" href=\"https:\/\/ps7.pravri.uniri.hr\/wp-content\/uploads\/2021\/03\/Conference-1024x393.jpg\" data-rel=\"prettyPhoto[rel-10752-2777001107]\"><img width=\"1500\" height=\"575\" src=\"https:\/\/ps7.pravri.uniri.hr\/wp-content\/uploads\/2021\/03\/Conference.jpg\" class=\"attachment-full\" alt=\"\" loading=\"lazy\" srcset=\"https:\/\/ps7.pravri.uniri.hr\/wp-content\/uploads\/2021\/03\/Conference.jpg 1500w, https:\/\/ps7.pravri.uniri.hr\/wp-content\/uploads\/2021\/03\/Conference-300x115.jpg 300w, https:\/\/ps7.pravri.uniri.hr\/wp-content\/uploads\/2021\/03\/Conference-1024x393.jpg 1024w, https:\/\/ps7.pravri.uniri.hr\/wp-content\/uploads\/2021\/03\/Conference-768x294.jpg 768w\" sizes=\"(max-width: 1500px) 100vw, 1500px\" \/><\/a><\/li><\/ul><\/div><\/div><\/div>\n\t<div class=\"wpb_text_column wpb_content_element\" >\n\t\t<div class=\"wpb_wrapper\">\n\t\t\t<p style=\"text-align: justify;\" class=\" translation-block\"><span style=\"font-size: 14pt;\">The fist Petar \u0160ar\u010devi\u0107 international scientific conference <strong>The Brussels I Regulation: Challenges for Croatian Judiciary<\/strong>, was organised in Opatija, Croatia, on 13-14 November 2009. The programme may be accessed <a style=\"font-size: 14pt;\" href=\"https:\/\/www.pravri.uniri.hr\/files\/savjetovanja\/Program.pdf\" target=\"_self\" rel=\"noopener\">here<\/a><\/p>\n\n\t\t<\/div>\n\t<\/div>\n<\/div><\/div><\/div><\/div>","protected":false},"excerpt":{"rendered":"O konferenciji PS 1 1. me\u0111unarodna znanstvena konferencija Petar \u0160ar\u010devi\u0107 pod nazivom Uredba Bruxelles I: Izazovi hrvatskom pravosu\u0111u, odr\u017eana je u Opatiji, 13. i 14. studenog 2009. Program je dostupan ovdje, a zbornik radova s te konferencije dostupan je ovdje.","protected":false},"author":3,"featured_media":0,"parent":0,"menu_order":0,"comment_status":"closed","ping_status":"closed","template":"","meta":[],"yoast_head":"<!-- This site is optimized with the Yoast SEO plugin v16.1.1 - https:\/\/yoast.com\/wordpress\/plugins\/seo\/ -->\n<title>PS 1 -<\/title>\n<link rel=\"canonical\" href=\"https:\/\/ps7.pravri.uniri.hr\/en\/ps-1\/\" \/>\n<meta property=\"og:locale\" content=\"en_GB\" \/>\n<meta property=\"og:type\" content=\"article\" \/>\n<meta property=\"og:title\" content=\"PS 1 -\" \/>\n<meta property=\"og:url\" content=\"https:\/\/ps7.pravri.uniri.hr\/en\/ps-1\/\" \/>\n<meta property=\"article:modified_time\" content=\"2021-03-23T22:38:57+00:00\" \/>\n<meta name=\"twitter:card\" content=\"summary_large_image\" \/>\n<script type=\"application\/ld+json\" class=\"yoast-schema-graph\">{\"@context\":\"https:\/\/schema.org\",\"@graph\":[{\"@type\":\"Organization\",\"@id\":\"https:\/\/ps7.pravri.uniri.hr\/#organization\",\"name\":\"Konferencija Petar \\u0160ar\\u010devi\\u0107\",\"url\":\"https:\/\/ps7.pravri.uniri.hr\/\",\"sameAs\":[],\"logo\":{\"@type\":\"ImageObject\",\"@id\":\"https:\/\/ps7.pravri.uniri.hr\/#logo\",\"inLanguage\":\"en-GB\",\"url\":\"https:\/\/ps7.pravri.uniri.hr\/wp-content\/uploads\/2021\/03\/PravRi.jpg\",\"contentUrl\":\"https:\/\/ps7.pravri.uniri.hr\/wp-content\/uploads\/2021\/03\/PravRi.jpg\",\"width\":708,\"height\":708,\"caption\":\"Konferencija Petar \\u0160ar\\u010devi\\u0107\"},\"image\":{\"@id\":\"https:\/\/ps7.pravri.uniri.hr\/#logo\"}},{\"@type\":\"WebSite\",\"@id\":\"https:\/\/ps7.pravri.uniri.hr\/#website\",\"url\":\"https:\/\/ps7.pravri.uniri.hr\/\",\"name\":\"\",\"description\":\"\",\"publisher\":{\"@id\":\"https:\/\/ps7.pravri.uniri.hr\/#organization\"},\"potentialAction\":[{\"@type\":\"SearchAction\",\"target\":\"https:\/\/ps7.pravri.uniri.hr\/?s={search_term_string}\",\"query-input\":\"required name=search_term_string\"}],\"inLanguage\":\"en-GB\"},{\"@type\":\"WebPage\",\"@id\":\"https:\/\/ps7.pravri.uniri.hr\/ps-1\/#webpage\",\"url\":\"https:\/\/ps7.pravri.uniri.hr\/ps-1\/\",\"name\":\"PS 1 -\",\"isPartOf\":{\"@id\":\"https:\/\/ps7.pravri.uniri.hr\/#website\"},\"datePublished\":\"2021-03-12T23:23:36+00:00\",\"dateModified\":\"2021-03-23T22:38:57+00:00\",\"breadcrumb\":{\"@id\":\"https:\/\/ps7.pravri.uniri.hr\/ps-1\/#breadcrumb\"},\"inLanguage\":\"en-GB\",\"potentialAction\":[{\"@type\":\"ReadAction\",\"target\":[\"https:\/\/ps7.pravri.uniri.hr\/ps-1\/\"]}]},{\"@type\":\"BreadcrumbList\",\"@id\":\"https:\/\/ps7.pravri.uniri.hr\/ps-1\/#breadcrumb\",\"itemListElement\":[{\"@type\":\"ListItem\",\"position\":1,\"item\":{\"@type\":\"WebPage\",\"@id\":\"https:\/\/ps7.pravri.uniri.hr\/\",\"url\":\"https:\/\/ps7.pravri.uniri.hr\/\",\"name\":\"Home\"}},{\"@type\":\"ListItem\",\"position\":2,\"item\":{\"@type\":\"WebPage\",\"@id\":\"https:\/\/ps7.pravri.uniri.hr\/ps-1\/\",\"url\":\"https:\/\/ps7.pravri.uniri.hr\/ps-1\/\",\"name\":\"PS 1\"}}]}]}<\/script>\n<!-- \/ Yoast SEO plugin. -->","_links":{"self":[{"href":"https:\/\/ps7.pravri.uniri.hr\/en\/wp-json\/wp\/v2\/pages\/10752"}],"collection":[{"href":"https:\/\/ps7.pravri.uniri.hr\/en\/wp-json\/wp\/v2\/pages"}],"about":[{"href":"https:\/\/ps7.pravri.uniri.hr\/en\/wp-json\/wp\/v2\/types\/page"}],"author":[{"embeddable":true,"href":"https:\/\/ps7.pravri.uniri.hr\/en\/wp-json\/wp\/v2\/users\/3"}],"replies":[{"embeddable":true,"href":"https:\/\/ps7.pravri.uniri.hr\/en\/wp-json\/wp\/v2\/comments?post=10752"}],"version-history":[{"count":4,"href":"https:\/\/ps7.pravri.uniri.hr\/en\/wp-json\/wp\/v2\/pages\/10752\/revisions"}],"predecessor-version":[{"id":17305,"href":"https:\/\/ps7.pravri.uniri.hr\/en\/wp-json\/wp\/v2\/pages\/10752\/revisions\/17305"}],"wp:attachment":[{"href":"https:\/\/ps7.pravri.uniri.hr\/en\/wp-json\/wp\/v2\/media?parent=10752"}],"curies":[{"name":"wp","href":"https:\/\/api.w.org\/{rel}","templated":true}]}}