{"id":16891,"date":"2021-03-23T22:37:42","date_gmt":"2021-03-23T21:37:42","guid":{"rendered":"https:\/\/ps7.pravri.uniri.hr\/?page_id=16891"},"modified":"2021-03-31T11:50:55","modified_gmt":"2021-03-31T10:50:55","slug":"ps-6","status":"publish","type":"page","link":"https:\/\/ps7.pravri.uniri.hr\/en\/ps-6\/","title":{"rendered":"PS 6"},"content":{"rendered":"<div class=\"vc_row wpb_row vc_row-fluid\"><div class=\"wpb_column vc_column_container vc_col-sm-12\"><div class=\"vc_column-inner\"><div class=\"wpb_wrapper\"><div class=\"wpb_gallery wpb_content_element vc_clearfix\" ><div class=\"wpb_wrapper\"><h2 class=\"wpb_heading wpb_gallery_heading\">About the PS 6<\/h2><div class=\"wpb_gallery_slides wpb_slider_nivo theme-default\" data-interval=\"3\"><div class=\"nivoSlider\"><a class=\"prettyphoto\" href=\"https:\/\/ps7.pravri.uniri.hr\/wp-content\/uploads\/2017\/06\/PS6-1024x393.jpg\" data-rel=\"prettyPhoto[rel-16891-655442168]\"><img width=\"1500\" height=\"575\" src=\"https:\/\/ps7.pravri.uniri.hr\/wp-content\/uploads\/2017\/06\/PS6.jpg\" class=\"attachment-full\" alt=\"\" loading=\"lazy\" srcset=\"https:\/\/ps7.pravri.uniri.hr\/wp-content\/uploads\/2017\/06\/PS6.jpg 1500w, https:\/\/ps7.pravri.uniri.hr\/wp-content\/uploads\/2017\/06\/PS6-300x115.jpg 300w, https:\/\/ps7.pravri.uniri.hr\/wp-content\/uploads\/2017\/06\/PS6-1024x393.jpg 1024w, https:\/\/ps7.pravri.uniri.hr\/wp-content\/uploads\/2017\/06\/PS6-768x294.jpg 768w, https:\/\/ps7.pravri.uniri.hr\/wp-content\/uploads\/2017\/06\/PS6-16x6.jpg 16w\" sizes=\"(max-width: 1500px) 100vw, 1500px\" \/><\/a><\/div><\/div><\/div><\/div><\/div><\/div><\/div><\/div><div class=\"vc_row wpb_row vc_row-fluid\"><div class=\"wpb_column vc_column_container vc_col-sm-12\"><div class=\"vc_column-inner\"><div class=\"wpb_wrapper\">\n\t<div class=\"wpb_text_column wpb_content_element\" >\n\t\t<div class=\"wpb_wrapper\">\n\t\t\t<p style=\"text-align: justify;\"><span style=\"font-size: 14pt;\">The 6th International Scientific Conference Petar \u0160ar\u010devi\u0107 <strong>Intellectual Property Rights in the EU: Going Digital<\/strong> was held on 18 and 19 October 2019 in Zagreb. The conference was dedicated to issues related to intellectual property rights in the EU digital single market, taking into account the frequent novelties resulting from the legislative and judicial activity.<\/span><\/p>\n<p style=\"text-align: justify;\"><span style=\"font-size: 14pt;\">The conference programme is available <a style=\"font-size: 14pt;\" href=\"https:\/\/ps6conference.law.hr\/programme\/\">here<\/a>.<\/span><\/p>\n\n\t\t<\/div>\n\t<\/div>\n<\/div><\/div><\/div><\/div>","protected":false},"excerpt":{"rendered":"O konferenciji PS 6 6. me\u0111unarodna znanstvena konferencija Petar \u0160ar\u010devi\u0107 pod nazivom Pravo intelektualnog vlasni\u0161tva u EU: U smjeru digitalizacije odr\u017eana je 18. i 19. listopada 2019. godine u Zagrebu. Konferencija je bila posve\u0107ena pitanjima u vezi s pravima intelektualnog vlasni\u0161tva na jedinstvenom digitalnom tr\u017ei\u0161tu Europske unije s obzirom na u\u010destale novine kao posljedice zakonodavne","protected":false},"author":3,"featured_media":0,"parent":0,"menu_order":0,"comment_status":"closed","ping_status":"closed","template":"","meta":[],"yoast_head":"<!-- This site is optimized with the Yoast SEO plugin v16.1.1 - https:\/\/yoast.com\/wordpress\/plugins\/seo\/ -->\n<title>PS 6 -<\/title>\n<link rel=\"canonical\" href=\"https:\/\/ps7.pravri.uniri.hr\/en\/ps-6\/\" \/>\n<meta property=\"og:locale\" content=\"en_GB\" \/>\n<meta property=\"og:type\" content=\"article\" \/>\n<meta property=\"og:title\" content=\"PS 6 -\" \/>\n<meta property=\"og:url\" content=\"https:\/\/ps7.pravri.uniri.hr\/en\/ps-6\/\" \/>\n<meta property=\"article:modified_time\" content=\"2021-03-31T10:50:55+00:00\" \/>\n<meta name=\"twitter:card\" content=\"summary_large_image\" \/>\n<script type=\"application\/ld+json\" class=\"yoast-schema-graph\">{\"@context\":\"https:\/\/schema.org\",\"@graph\":[{\"@type\":\"Organization\",\"@id\":\"https:\/\/ps7.pravri.uniri.hr\/#organization\",\"name\":\"Konferencija Petar \\u0160ar\\u010devi\\u0107\",\"url\":\"https:\/\/ps7.pravri.uniri.hr\/\",\"sameAs\":[],\"logo\":{\"@type\":\"ImageObject\",\"@id\":\"https:\/\/ps7.pravri.uniri.hr\/#logo\",\"inLanguage\":\"en-GB\",\"url\":\"https:\/\/ps7.pravri.uniri.hr\/wp-content\/uploads\/2021\/03\/PravRi.jpg\",\"contentUrl\":\"https:\/\/ps7.pravri.uniri.hr\/wp-content\/uploads\/2021\/03\/PravRi.jpg\",\"width\":708,\"height\":708,\"caption\":\"Konferencija Petar \\u0160ar\\u010devi\\u0107\"},\"image\":{\"@id\":\"https:\/\/ps7.pravri.uniri.hr\/#logo\"}},{\"@type\":\"WebSite\",\"@id\":\"https:\/\/ps7.pravri.uniri.hr\/#website\",\"url\":\"https:\/\/ps7.pravri.uniri.hr\/\",\"name\":\"\",\"description\":\"\",\"publisher\":{\"@id\":\"https:\/\/ps7.pravri.uniri.hr\/#organization\"},\"potentialAction\":[{\"@type\":\"SearchAction\",\"target\":\"https:\/\/ps7.pravri.uniri.hr\/?s={search_term_string}\",\"query-input\":\"required name=search_term_string\"}],\"inLanguage\":\"en-GB\"},{\"@type\":\"WebPage\",\"@id\":\"https:\/\/ps7.pravri.uniri.hr\/ps-6\/#webpage\",\"url\":\"https:\/\/ps7.pravri.uniri.hr\/ps-6\/\",\"name\":\"PS 6 -\",\"isPartOf\":{\"@id\":\"https:\/\/ps7.pravri.uniri.hr\/#website\"},\"datePublished\":\"2021-03-23T21:37:42+00:00\",\"dateModified\":\"2021-03-31T10:50:55+00:00\",\"breadcrumb\":{\"@id\":\"https:\/\/ps7.pravri.uniri.hr\/ps-6\/#breadcrumb\"},\"inLanguage\":\"en-GB\",\"potentialAction\":[{\"@type\":\"ReadAction\",\"target\":[\"https:\/\/ps7.pravri.uniri.hr\/ps-6\/\"]}]},{\"@type\":\"BreadcrumbList\",\"@id\":\"https:\/\/ps7.pravri.uniri.hr\/ps-6\/#breadcrumb\",\"itemListElement\":[{\"@type\":\"ListItem\",\"position\":1,\"item\":{\"@type\":\"WebPage\",\"@id\":\"https:\/\/ps7.pravri.uniri.hr\/\",\"url\":\"https:\/\/ps7.pravri.uniri.hr\/\",\"name\":\"Home\"}},{\"@type\":\"ListItem\",\"position\":2,\"item\":{\"@type\":\"WebPage\",\"@id\":\"https:\/\/ps7.pravri.uniri.hr\/ps-6\/\",\"url\":\"https:\/\/ps7.pravri.uniri.hr\/ps-6\/\",\"name\":\"PS 6\"}}]}]}<\/script>\n<!-- \/ Yoast SEO plugin. -->","_links":{"self":[{"href":"https:\/\/ps7.pravri.uniri.hr\/en\/wp-json\/wp\/v2\/pages\/16891"}],"collection":[{"href":"https:\/\/ps7.pravri.uniri.hr\/en\/wp-json\/wp\/v2\/pages"}],"about":[{"href":"https:\/\/ps7.pravri.uniri.hr\/en\/wp-json\/wp\/v2\/types\/page"}],"author":[{"embeddable":true,"href":"https:\/\/ps7.pravri.uniri.hr\/en\/wp-json\/wp\/v2\/users\/3"}],"replies":[{"embeddable":true,"href":"https:\/\/ps7.pravri.uniri.hr\/en\/wp-json\/wp\/v2\/comments?post=16891"}],"version-history":[{"count":7,"href":"https:\/\/ps7.pravri.uniri.hr\/en\/wp-json\/wp\/v2\/pages\/16891\/revisions"}],"predecessor-version":[{"id":21223,"href":"https:\/\/ps7.pravri.uniri.hr\/en\/wp-json\/wp\/v2\/pages\/16891\/revisions\/21223"}],"wp:attachment":[{"href":"https:\/\/ps7.pravri.uniri.hr\/en\/wp-json\/wp\/v2\/media?parent=16891"}],"curies":[{"name":"wp","href":"https:\/\/api.w.org\/{rel}","templated":true}]}}