{"id":18243,"date":"2021-03-26T00:13:50","date_gmt":"2021-03-25T23:13:50","guid":{"rendered":"https:\/\/ps7.pravri.uniri.hr\/?page_id=18243"},"modified":"2021-07-07T12:27:51","modified_gmt":"2021-07-07T11:27:51","slug":"mjesto-i-uvjeti-odrzavanja","status":"publish","type":"page","link":"https:\/\/ps7.pravri.uniri.hr\/en\/mjesto-i-uvjeti-odrzavanja\/","title":{"rendered":"Venue & Travel"},"content":{"rendered":"<div class=\"vc_row wpb_row vc_row-fluid\"><div class=\"wpb_column vc_column_container vc_col-sm-12\"><div class=\"vc_column-inner\"><div class=\"wpb_wrapper\">\n\t<div class=\"wpb_text_column wpb_content_element\" >\n\t\t<div class=\"wpb_wrapper\">\n\t\t\t<p style=\"text-align: justify;\"><span style=\"font-size: 14pt;\">The conference in hybrid format (online\/onsite) will be held at the\u00a0<a style=\"font-size: 14pt;\" href=\"https:\/\/www.liburnia.hr\/en\/hotel-ambasador\" target=\"_blank\" rel=\"noopener\">Hotel Ambasador<\/a>\u00a0(5*) in Opatija. The hotel has excellent congress facilities, which are among the best in Croatia. Located near the city center of Opatija, Hotel Ambasador overlooks the Lungomare, a 12 kilometer promenade on the coast of the Adriatic Sea, boasting its own private beach.<\/span><\/p>\n<p style=\"text-align: justify;\"><span style=\"font-size: 14pt;\">The hybrid conference is held in accordance with COVID-19 protective epidemiological measures. Due to the limited number of places available, we kindly invite those interested in onsite participation to register until <b>September 1, 2021.<\/b> Participation in the conference is <b>free of charge<\/b>, but participants are required to register to be able to participate online and onsite. Please submit your registration via the <a style=\"font-size: 14pt;\" href=\"https:\/\/ps7.pravri.uniri.hr\/en\/prijava\/\"><b>online registration form<\/b><\/a>. Questions concerning registration should be directed to <a style=\"font-size: 14pt;\" href=\"mailto:zeup@pravri.hr\">zeup@pravri.hr<\/a>.<\/span><\/p>\n<p style=\"text-align: justify;\"><span style=\"font-size: 14pt;\">For more information about safety measures and traveling to Croatia please visit the web page <a style=\"font-size: 14pt;\" href=\"https:\/\/croatia.hr\/en-GB\" target=\"_blank\" rel=\"noopener\">Stay Safe in Croatia<\/a>. You can announce your travel to Croatia by filing in the official form available <a style=\"font-size: 14pt;\" href=\"https:\/\/entercroatia.mup.hr\/\" target=\"_blank\" rel=\"noopener\">here<\/a>. Accurate and verified information on Coronavirus and instructions for crossing the state border are available <a style=\"font-size: 14pt;\" href=\"https:\/\/www.koronavirus.hr\/recommendations-and-instructions-for-crossing-the-state-border\/736\" target=\"_blank\" rel=\"noopener\">here<\/a>.<\/span><\/p>\n<p><span style=\"font-size: 14pt;\">We kindly recommend to all onsite participants to request the\u00a0<a style=\"font-size: 14pt;\" href=\"https:\/\/www.eudigitalnacovidpotvrda.hr\/en\"><b><i>EU Digital COVID Certificate<\/i><\/b><\/a><\/span><\/p>\n\n\t\t<\/div>\n\t<\/div>\n<\/div><\/div><\/div><\/div>","protected":false},"excerpt":{"rendered":"Konferencija u hibridnom obliku (online\/onsite) \u0107e se odr\u017eati u\u00a0Hotelu Ambasador\u00a0(5*) u Opatiji. Hotel posjeduje izvrsne kongresne kapacitete, koji su me\u0111u najboljima u Hrvatskoj. Iako ima sredi\u0161nji polo\u017eaj blizu gradskog centra, nalazi se odmah iznad Lungomare, 12-kilometarske \u0161etnice na obali Jadranskog mora, a mo\u017ee se pohvaliti i vlastitom pla\u017eom. Konferencija u hibridnom obliku se odr\u017eava uz","protected":false},"author":3,"featured_media":0,"parent":0,"menu_order":0,"comment_status":"closed","ping_status":"closed","template":"","meta":[],"yoast_head":"<!-- This site is optimized with the Yoast SEO plugin v16.1.1 - https:\/\/yoast.com\/wordpress\/plugins\/seo\/ -->\n<title>Mjesto i uvjeti odr\u017eavanja<\/title>\n<meta name=\"description\" content=\"Konferencija u hibridnom obliku (online\/onsite) \u0107e se odr\u017eati u Hotelu Ambasador (5*) u Opatiji. Hotel posjeduje izvrsne kongresne kapacitete, koji su me\u0111u najboljima u Hrvatskoj. Iako ima sredi\u0161nji polo\u017eaj blizu gradskog centra, nalazi se odmah iznad Lungomare, 12-kilometarske \u0161etnice na obali Jadranskog mora, a mo\u017ee se pohvaliti i vlastitom pla\u017eom.\" \/>\n<link rel=\"canonical\" href=\"https:\/\/ps7.pravri.uniri.hr\/en\/mjesto-i-uvjeti-odrzavanja\/\" \/>\n<meta property=\"og:locale\" content=\"en_GB\" \/>\n<meta property=\"og:type\" content=\"article\" \/>\n<meta property=\"og:title\" content=\"Mjesto i uvjeti odr\u017eavanja\" \/>\n<meta property=\"og:description\" content=\"Konferencija u hibridnom obliku (online\/onsite) \u0107e se odr\u017eati u Hotelu Ambasador (5*) u Opatiji. Hotel posjeduje izvrsne kongresne kapacitete, koji su me\u0111u najboljima u Hrvatskoj. Iako ima sredi\u0161nji polo\u017eaj blizu gradskog centra, nalazi se odmah iznad Lungomare, 12-kilometarske \u0161etnice na obali Jadranskog mora, a mo\u017ee se pohvaliti i vlastitom pla\u017eom.\" \/>\n<meta property=\"og:url\" content=\"https:\/\/ps7.pravri.uniri.hr\/en\/mjesto-i-uvjeti-odrzavanja\/\" \/>\n<meta property=\"article:modified_time\" content=\"2021-07-07T11:27:51+00:00\" \/>\n<meta name=\"twitter:card\" content=\"summary_large_image\" \/>\n<meta name=\"twitter:label1\" content=\"Estimated reading time\">\n\t<meta name=\"twitter:data1\" content=\"1 minute\">\n<script type=\"application\/ld+json\" class=\"yoast-schema-graph\">{\"@context\":\"https:\/\/schema.org\",\"@graph\":[{\"@type\":\"Organization\",\"@id\":\"https:\/\/ps7.pravri.uniri.hr\/#organization\",\"name\":\"Konferencija Petar \\u0160ar\\u010devi\\u0107\",\"url\":\"https:\/\/ps7.pravri.uniri.hr\/\",\"sameAs\":[],\"logo\":{\"@type\":\"ImageObject\",\"@id\":\"https:\/\/ps7.pravri.uniri.hr\/#logo\",\"inLanguage\":\"en-GB\",\"url\":\"https:\/\/ps7.pravri.uniri.hr\/wp-content\/uploads\/2021\/03\/PravRi.jpg\",\"contentUrl\":\"https:\/\/ps7.pravri.uniri.hr\/wp-content\/uploads\/2021\/03\/PravRi.jpg\",\"width\":708,\"height\":708,\"caption\":\"Konferencija Petar \\u0160ar\\u010devi\\u0107\"},\"image\":{\"@id\":\"https:\/\/ps7.pravri.uniri.hr\/#logo\"}},{\"@type\":\"WebSite\",\"@id\":\"https:\/\/ps7.pravri.uniri.hr\/#website\",\"url\":\"https:\/\/ps7.pravri.uniri.hr\/\",\"name\":\"\",\"description\":\"\",\"publisher\":{\"@id\":\"https:\/\/ps7.pravri.uniri.hr\/#organization\"},\"potentialAction\":[{\"@type\":\"SearchAction\",\"target\":\"https:\/\/ps7.pravri.uniri.hr\/?s={search_term_string}\",\"query-input\":\"required name=search_term_string\"}],\"inLanguage\":\"en-GB\"},{\"@type\":\"WebPage\",\"@id\":\"https:\/\/ps7.pravri.uniri.hr\/mjesto-i-uvjeti-odrzavanja\/#webpage\",\"url\":\"https:\/\/ps7.pravri.uniri.hr\/mjesto-i-uvjeti-odrzavanja\/\",\"name\":\"Mjesto i uvjeti odr\\u017eavanja\",\"isPartOf\":{\"@id\":\"https:\/\/ps7.pravri.uniri.hr\/#website\"},\"datePublished\":\"2021-03-25T23:13:50+00:00\",\"dateModified\":\"2021-07-07T11:27:51+00:00\",\"description\":\"Konferencija u hibridnom obliku (online\/onsite) \\u0107e se odr\\u017eati u Hotelu Ambasador (5*) u Opatiji. Hotel posjeduje izvrsne kongresne kapacitete, koji su me\\u0111u najboljima u Hrvatskoj. Iako ima sredi\\u0161nji polo\\u017eaj blizu gradskog centra, nalazi se odmah iznad Lungomare, 12-kilometarske \\u0161etnice na obali Jadranskog mora, a mo\\u017ee se pohvaliti i vlastitom pla\\u017eom.\",\"breadcrumb\":{\"@id\":\"https:\/\/ps7.pravri.uniri.hr\/mjesto-i-uvjeti-odrzavanja\/#breadcrumb\"},\"inLanguage\":\"en-GB\",\"potentialAction\":[{\"@type\":\"ReadAction\",\"target\":[\"https:\/\/ps7.pravri.uniri.hr\/mjesto-i-uvjeti-odrzavanja\/\"]}]},{\"@type\":\"BreadcrumbList\",\"@id\":\"https:\/\/ps7.pravri.uniri.hr\/mjesto-i-uvjeti-odrzavanja\/#breadcrumb\",\"itemListElement\":[{\"@type\":\"ListItem\",\"position\":1,\"item\":{\"@type\":\"WebPage\",\"@id\":\"https:\/\/ps7.pravri.uniri.hr\/\",\"url\":\"https:\/\/ps7.pravri.uniri.hr\/\",\"name\":\"Home\"}},{\"@type\":\"ListItem\",\"position\":2,\"item\":{\"@type\":\"WebPage\",\"@id\":\"https:\/\/ps7.pravri.uniri.hr\/mjesto-i-uvjeti-odrzavanja\/\",\"url\":\"https:\/\/ps7.pravri.uniri.hr\/mjesto-i-uvjeti-odrzavanja\/\",\"name\":\"Mjesto i uvjeti odr\\u017eavanja\"}}]}]}<\/script>\n<!-- \/ Yoast SEO plugin. -->","_links":{"self":[{"href":"https:\/\/ps7.pravri.uniri.hr\/en\/wp-json\/wp\/v2\/pages\/18243"}],"collection":[{"href":"https:\/\/ps7.pravri.uniri.hr\/en\/wp-json\/wp\/v2\/pages"}],"about":[{"href":"https:\/\/ps7.pravri.uniri.hr\/en\/wp-json\/wp\/v2\/types\/page"}],"author":[{"embeddable":true,"href":"https:\/\/ps7.pravri.uniri.hr\/en\/wp-json\/wp\/v2\/users\/3"}],"replies":[{"embeddable":true,"href":"https:\/\/ps7.pravri.uniri.hr\/en\/wp-json\/wp\/v2\/comments?post=18243"}],"version-history":[{"count":9,"href":"https:\/\/ps7.pravri.uniri.hr\/en\/wp-json\/wp\/v2\/pages\/18243\/revisions"}],"predecessor-version":[{"id":30928,"href":"https:\/\/ps7.pravri.uniri.hr\/en\/wp-json\/wp\/v2\/pages\/18243\/revisions\/30928"}],"wp:attachment":[{"href":"https:\/\/ps7.pravri.uniri.hr\/en\/wp-json\/wp\/v2\/media?parent=18243"}],"curies":[{"name":"wp","href":"https:\/\/api.w.org\/{rel}","templated":true}]}}