{"id":25542,"date":"2021-04-13T17:16:38","date_gmt":"2021-04-13T16:16:38","guid":{"rendered":"https:\/\/ps7.pravri.uniri.hr\/?page_id=25542"},"modified":"2021-07-21T19:47:59","modified_gmt":"2021-07-21T18:47:59","slug":"program","status":"publish","type":"page","link":"https:\/\/ps7.pravri.uniri.hr\/en\/program\/","title":{"rendered":"Programme"},"content":{"rendered":"<div class=\"vc_row wpb_row vc_row-fluid\"><div class=\"wpb_column vc_column_container vc_col-sm-12\"><div class=\"vc_column-inner\"><div class=\"wpb_wrapper\">\n\t<div class=\"wpb_text_column wpb_content_element\" >\n\t\t<div class=\"wpb_wrapper\">\n\t\t\t<p><span style=\"color: #ff5722; font-size: 18pt;\"><strong>The 7th Petar \u0160ar\u010devi\u0107 Conference<\/strong><\/span><br \/>\n<span style=\"font-size: 14pt;\"><strong>Consumer Protection in Transition: Digital Transformation and Better Enforcement<\/strong><\/span><\/p>\n<p>23 - 25 September 2021, Opatija, Croatia | <strong>ONLINE\/ONSITE<br \/>\n<\/strong><\/p>\n<table style=\"width: 55.7133%;\">\n<tbody>\n<tr>\n<td style=\"width: 17.493%; border-style: none;\">Organizers:<\/td>\n<td style=\"width: 177.686%; border-style: none;\"><strong>University of Rijeka, Faculty of Law<\/strong><\/td>\n<\/tr>\n<tr>\n<td style=\"width: 17.493%; border-style: none;\"><\/td>\n<td style=\"width: 177.686%; border-style: none;\"><strong>Hanns Seidel Foundation<\/strong><\/td>\n<\/tr>\n<tr>\n<td style=\"width: 17.493%; border-style: none;\"><\/td>\n<td style=\"width: 177.686%; border-style: none;\"><strong>Croatian Comparative Law Association<\/strong><\/td>\n<\/tr>\n<\/tbody>\n<\/table>\n<p><span style=\"color: #ff5722; font-size: 14pt;\"><strong><br \/>\nDAY 1: Thursday, 23 September 2021<\/strong><\/span><\/p>\n<table style=\"width: 100%;\">\n<tbody>\n<tr>\n<td style=\"width: 15.7556%;\" width=\"94\">13:00-13:30<\/td>\n<td style=\"width: 165.916%;\" width=\"510\"><strong>Registration<\/strong><\/td>\n<\/tr>\n<tr>\n<td style=\"width: 15.7556%;\" width=\"94\">13:30-14:00<\/td>\n<td style=\"width: 165.916%;\" width=\"510\"><strong>Opening speeches<\/strong><\/td>\n<\/tr>\n<tr>\n<td style=\"width: 15.7556%;\" rowspan=\"4\" width=\"94\">\n<p>&nbsp;<\/p>\n<p>&nbsp;<\/td>\n<td style=\"width: 165.916%;\" width=\"510\"><strong>Vesna Crni\u0107-Groti\u0107<br \/>\n<\/strong>Dean of the Faculty of Law, University of Rijeka, Croatia<\/td>\n<\/tr>\n<tr>\n<td style=\"width: 165.916%;\"><strong>Vesna Tomljenovi\u0107<br \/>\n<\/strong>President of the Croatian Comparative Law Association<strong><br \/>\n<\/strong><\/td>\n<\/tr>\n<tr>\n<td style=\"width: 165.916%;\" width=\"510\"><strong>Klaus Fiesinger<br \/>\n<\/strong>Regional Director for South-East Europe, Hanns Seidel Foundation<\/td>\n<\/tr>\n<tr>\n<td style=\"width: 165.916%;\" width=\"510\"><strong>Aleksandra Marki\u0107 Boban<br \/>\n<\/strong>Head of the Project Office Zagreb, Hanns Seidel Foundation<\/td>\n<\/tr>\n<tr>\n<td style=\"width: 15.7556%;\" width=\"94\"><\/td>\n<td style=\"width: 165.916%;\" width=\"510\"><strong>Nata\u0161a Miku\u0161<\/strong> <strong>\u017digman<br \/>\n<\/strong>State Secretary of the Ministry of Economy and Sustainable Development of the Republic of Croatia<\/td>\n<\/tr>\n<\/tbody>\n<\/table>\n<table style=\"width: 100%; height: 322px;\">\n<tbody>\n<tr style=\"height: 10px;\">\n<td style=\"height: 10px; width: 99.5046%;\" colspan=\"2\" width=\"604\"><strong><br \/>\nSession 1 (in Croatian)<br \/>\n<\/strong><strong>Chair: <\/strong><strong>Jak\u0161a Barbi\u0107<br \/>\n<\/strong><strong>Transition of Croatian Consumer Law & Enforcement<\/strong><\/td>\n<\/tr>\n<tr style=\"height: 72px;\">\n<td style=\"height: 72px; vertical-align: top; width: 15.9133%;\" width=\"94\">14:00-14:20<\/td>\n<td style=\"height: 72px; width: 83.5913%;\" width=\"510\"><strong>Goranka Bara\u0107 &#8211; Ru\u010devi\u0107<br \/>\n<\/strong>Judge at the Supreme Court of the Republic of Croatia<br \/>\n<em>\"Ex officio<\/em> Control of Unfair Contract Terms in the Croatian Case Law<\/td>\n<\/tr>\n<tr style=\"height: 72px;\">\n<td style=\"height: 72px; vertical-align: top; width: 15.9133%;\" width=\"94\">14:20-14:40<\/td>\n<td style=\"height: 72px; width: 83.5913%;\" width=\"510\"><strong>Marina Veljak<br \/>\n<\/strong>Judge at the High Commercial Court of the Republic of Croatia<br \/>\n\u201cThe First Croatian Collective Redress Proceeding: Lessons and Challenges\u201d<\/td>\n<\/tr>\n<tr style=\"height: 72px;\">\n<td style=\"height: 72px; vertical-align: top; width: 15.9133%;\" width=\"94\">14:40-15:00<\/td>\n<td style=\"height: 72px; width: 83.5913%;\" width=\"510\"><strong>Paula Poretti<br \/>\n<\/strong><span lang=\"HR\">Associate Professor & Vice-Dean, Faculty of Law,<\/span> i prodekanica Pravnog fakulteta<br \/>\nJosip Juraj Strossmayer University of Osijek, Croatia<br \/>\n\u201cTowards New Regulation of Collective Redress Mechanism in Croatia\u201d<\/td>\n<\/tr>\n<tr style=\"height: 72px;\">\n<td style=\"height: 72px; vertical-align: top; width: 15.9133%;\" width=\"94\">15:00-15:20<\/td>\n<td style=\"height: 72px; width: 83.5913%;\" width=\"510\"><strong>Iva Ivani\u0161evi\u0107 Mostovac<br \/>\n<\/strong>Judge at the Municipal Court in Rijeka<br \/>\n\u201cConsumers, by Definition, Include Us All: Humans and their Human Rights\u201d<\/td>\n<\/tr>\n<tr style=\"height: 24px;\">\n<td style=\"height: 24px; vertical-align: top; width: 15.9133%;\" width=\"94\">15:20-15:40<\/td>\n<td style=\"height: 24px; width: 83.5913%;\" width=\"510\">Short Break<\/td>\n<\/tr>\n<\/tbody>\n<\/table>\n<table style=\"width: 100%;\">\n<tbody>\n<tr>\n<td colspan=\"2\" width=\"604\"><strong><br \/>\nSession 2 (in Croatian)<br \/>\n<\/strong><strong>Chair: <\/strong><strong>Vlatka Butorac Malnar<\/strong><\/td>\n<\/tr>\n<tr>\n<td style=\"vertical-align: top;\" width=\"94\">15:40-16:00<\/td>\n<td width=\"510\"><strong>Silvija Petri\u0107<br \/>\n<\/strong>Professor (ret.), Faculty of Law, University of Split, Croatia<br \/>\n\u201cCroatian Regulation of Conformity of Goods: Defective or Effective?\u201d<\/td>\n<\/tr>\n<tr>\n<td style=\"vertical-align: top;\" width=\"94\">16:00-16:20<\/td>\n<td width=\"510\"><strong>Hrvoje Paukovi\u0107<br \/>\n<\/strong>Director of the Croatian Insurance Bureau<br \/>\n\u201cRethinking Consumer Protection in Insurance Sector\u201d<\/td>\n<\/tr>\n<tr>\n<td style=\"vertical-align: top;\" width=\"94\">16:20-16:40<\/td>\n<td width=\"510\"><strong>Ana Po\u0161\u0107i\u0107<br \/>\n<\/strong>Associate Professor, University of Rijeka, Faculty of Law, Croatia<br \/>\n\u201cThe \u2018Lucky Consumer\u2019 in the Games of Fortune\u201d<\/td>\n<\/tr>\n<tr>\n<td style=\"vertical-align: top;\" width=\"94\">16:40-17:00<\/td>\n<td width=\"510\"><strong>Danijela Vrbljanac<br \/>\n<\/strong>Assistant Professor, University of Rijeka, Faculty of Law, Croatia<br \/>\n\u201cInternational Jurisdiction for Consumer Disputes: A Cloak of Protection\u201d<\/td>\n<\/tr>\n<tr>\n<td style=\"vertical-align: top;\" width=\"94\">17:00-17:30<\/td>\n<td width=\"510\">Question and discussion time<\/td>\n<\/tr>\n<\/tbody>\n<\/table>\n<p>&nbsp;<\/p>\n<p><span style=\"color: #ff5722; font-size: 14pt;\"><strong>DAY 2: Friday, 24 September 2021<\/strong><\/span><\/p>\n<table style=\"width: 100%; height: 802px;\">\n<tbody>\n<tr style=\"height: 72px;\">\n<td style=\"height: 72px; width: 99.4905%;\" colspan=\"2\" width=\"601\"><strong>Session 3<br \/>\n<\/strong><strong>Chair: Emilia Mi\u0161\u0107eni\u0107<br \/>\n<\/strong><strong>Challenges to Consumer Law in Digital Age<\/strong><\/td>\n<\/tr>\n<tr style=\"height: 24px;\">\n<td style=\"vertical-align: top; height: 24px; width: 15.9873%;\" width=\"94\">08:30-09:00<\/td>\n<td style=\"height: 24px; width: 83.5032%;\" width=\"507\"><strong>Registration<\/strong><\/td>\n<\/tr>\n<tr style=\"height: 24px;\">\n<td style=\"vertical-align: top; height: 24px; width: 15.9873%;\" width=\"94\"><\/td>\n<td style=\"height: 24px; width: 83.5032%;\" width=\"507\"><strong>Keynote Speakers<\/strong><\/td>\n<\/tr>\n<tr style=\"height: 72px;\">\n<td style=\"vertical-align: top; height: 72px; width: 15.9873%;\" width=\"94\">09:00-09:30<\/td>\n<td style=\"height: 72px; width: 83.5032%;\" width=\"507\"><strong>Geraint Howells<br \/>\n<\/strong>Professor & Executive Dean, College of Business, Public Policy and Law, National University of Galway, Ireland<br \/>\n\u201cOnline Platforms and Consumer Protection\u201d<\/td>\n<\/tr>\n<tr style=\"height: 72px;\">\n<td style=\"vertical-align: top; height: 72px; width: 15.9873%;\" width=\"94\">09:30-10:00<\/td>\n<td style=\"height: 72px; width: 83.5032%;\" width=\"507\"><strong>Hans-Wolfgang Micklitz<br \/>\n<\/strong>Professor, University of Helsinki, Finland & European University Institute, Florence, Italy<br \/>\n\u201cConsumer Empowerment through Legal Tech\u201d<\/td>\n<\/tr>\n<tr style=\"height: 72px;\">\n<td style=\"vertical-align: top; height: 72px; width: 15.9873%;\" width=\"94\">10:00-10:30<\/td>\n<td style=\"height: 72px; width: 83.5032%;\" width=\"507\"><strong>J<\/strong><strong>\u00fc<\/strong><strong>rgen<\/strong><strong> Basedow<br \/>\n<\/strong>Director emeritus, Max Planck Institute for Comparative and International Private Law, Hamburg, Germany & former chairman of the German Monopolies Commission<br \/>\n\u201cTowards a Digital Markets Act of the European Union\u201d<\/td>\n<\/tr>\n<tr style=\"height: 72px;\">\n<td style=\"vertical-align: top; height: 72px; width: 15.9873%;\" width=\"94\">10:30-11:00<\/td>\n<td style=\"height: 72px; width: 83.5032%;\" width=\"507\"><strong>Christian Twigg-Flesner<br \/>\n<\/strong>Professor, Faculty of Social Sciences, University of Warwick, United Kingdom<br \/>\n\u201cOptions for New Liability Systems for Digital Consumer Tansactions - Legal Disruption or Timely Modernisation?\"<\/td>\n<\/tr>\n<tr style=\"height: 24px;\">\n<td style=\"vertical-align: top; height: 24px; width: 15.9873%;\" width=\"94\">11:00-11:20<\/td>\n<td style=\"height: 24px; width: 83.5032%;\" width=\"507\">Short Break<\/td>\n<\/tr>\n<tr style=\"height: 72px;\">\n<td style=\"height: 72px; width: 99.4905%;\" colspan=\"2\" width=\"601\"><strong><br \/>\nSession 4<br \/>\n<\/strong><strong>Chair: Ivana Kunda<\/strong><\/td>\n<\/tr>\n<tr style=\"height: 72px;\">\n<td style=\"vertical-align: top; height: 72px; width: 15.9873%;\" width=\"94\">11:20-11:40<\/td>\n<td style=\"height: 72px; width: 83.5032%;\" width=\"507\">Keynote Speaker<strong><br \/>\nPascal Pichonnaz<br \/>\n<\/strong>Professor, Faculty of Law, University of Fribourg, Fribourg, Switzerland & Vice-President & Elected President of the European Law Institute, Vienna, Austria<br \/>\n\u201cAI to Adjudicate Small Claims for Consumers: Dream or Nightmare?\u201d<\/td>\n<\/tr>\n<tr style=\"height: 72px;\">\n<td style=\"vertical-align: top; height: 72px; width: 15.9873%;\" width=\"94\">11:40-12:00<\/td>\n<td style=\"height: 72px; width: 83.5032%;\" width=\"507\"><strong>Mateja \u0110urovi\u0107<br \/>\n<\/strong>Reader in Contract and Commercial Law, King's College London, United Kingdom<br \/>\n\u201cThe Relevance and Regulation of the Online Reviews and the Digital Market: The Case of New European Directive (EU) 2019\/2161\u201d<\/td>\n<\/tr>\n<tr style=\"height: 96px;\">\n<td style=\"vertical-align: top; height: 96px; width: 15.9873%;\" width=\"94\">12:00-12:20<\/td>\n<td style=\"height: 96px; width: 83.5032%;\" width=\"507\"><strong>Jacolien Barnard<br \/>\n<\/strong>Professor, Faculty of Law, University of Pretoria, South Africa<br \/>\n<strong>Emilia Mi\u0161\u0107eni\u0107<br \/>\n<\/strong>Associate Professor, University of Rijeka, Faculty of Law, Croatia<br \/>\n\"The Achievement of Sustainable Development for Consumers in the Digital Market: Fact or Fiction?\"<\/td>\n<\/tr>\n<tr style=\"height: 24px;\">\n<td style=\"vertical-align: top; height: 24px; width: 15.9873%;\" width=\"94\">12:20-13:00<\/td>\n<td style=\"height: 24px; width: 83.5032%;\" width=\"507\">Question and discussion time<\/td>\n<\/tr>\n<tr style=\"height: 24px;\">\n<td style=\"vertical-align: top; height: 24px; width: 15.9873%;\" width=\"94\">13:00-14:00<\/td>\n<td style=\"height: 24px; width: 83.5032%;\" width=\"507\">Lunch<\/td>\n<\/tr>\n<\/tbody>\n<\/table>\n<table style=\"width: 100%;\">\n<tbody>\n<tr>\n<td colspan=\"2\" width=\"604\"><strong><br \/>\nSession 5<br \/>\n<\/strong><strong>Chair: Damjan Mozina<\/strong><\/td>\n<\/tr>\n<tr>\n<td style=\"vertical-align: top;\" width=\"94\">14:00-14:20<\/td>\n<td width=\"510\"><strong>Elise Poillot<br \/>\n<\/strong>Professor, Faculty of Law, University of Luxembourg, Luxembourg<br \/>\n\u201cWho's Who? Desperately Seeking For a Definition of Traders and Consumers in Digital Surrounding\u201d<\/td>\n<\/tr>\n<tr>\n<td style=\"vertical-align: top;\" width=\"94\">14:20-14:40<\/td>\n<td width=\"510\"><strong>Martin Schmidt-Kessel<br \/>\n<\/strong>Professor, Faculty of Law, University of Bayreuth, Germany<br \/>\n\u201cDatification in Consumer Contractual Relations\u201d<\/td>\n<\/tr>\n<tr>\n<td style=\"vertical-align: top;\" width=\"94\">14:40-15:00<\/td>\n<td width=\"510\"><strong>Ivana Kunda<br \/>\n<\/strong>Professor, University of Rijeka, Faculty of Law, Croatia<br \/>\n\u201cConsumer Personal Data Rights Online: Is the Queen\u2019s Gambit the Right Opening?\u201d<\/td>\n<\/tr>\n<tr>\n<td style=\"vertical-align: top;\" width=\"94\">15:00-15:20<\/td>\n<td width=\"510\"><strong>Vlatka Butorac Malnar<br \/>\n<\/strong>Associate Professor, University of Rijeka, Faculty of Law, Croatia<br \/>\n\u201cThe Role of Digital Platforms as Gateways for Businesses and Consumers\u201d<\/td>\n<\/tr>\n<tr>\n<td style=\"vertical-align: top;\" width=\"94\">15:20-16:00<\/td>\n<td width=\"510\">Question and discussion time<\/td>\n<\/tr>\n<\/tbody>\n<\/table>\n<p>&nbsp;<\/p>\n<p><span style=\"color: #ff5722; font-size: 14pt;\"><strong>DAY 3: Saturday, 25 September 2021<\/strong><\/span><\/p>\n<table style=\"width: 100%; height: 609px;\">\n<tbody>\n<tr style=\"height: 72px;\">\n<td style=\"height: 72px; width: 99.5549%;\" colspan=\"2\" width=\"601\"><strong>Session 6<br \/>\n<\/strong><strong>Chair: <\/strong><strong>Paula Poretti<br \/>\n<\/strong><strong>Better Enforcement of Consumer Law<\/strong><\/td>\n<\/tr>\n<tr style=\"height: 24px;\">\n<td style=\"height: 24px; vertical-align: top; width: 16.0203%;\" width=\"94\">08:30-09:00<\/td>\n<td style=\"height: 24px; width: 83.5346%;\" width=\"507\"><strong>Registration<\/strong><\/td>\n<\/tr>\n<tr style=\"height: 10px;\">\n<td style=\"height: 10px; vertical-align: top; width: 16.0203%;\" width=\"94\">09:00-09:30<\/td>\n<td style=\"height: 10px; width: 83.5346%;\" width=\"507\">Keynote Speaker<strong><br \/>\nVesna Tomljenovi\u0107<br \/>\n<\/strong>Judge at the General Court, Court of Justice of the European Union, Luxembourg<br \/>\n<strong>Nicola Chesaites<br \/>\n<\/strong>Partner at Quinn Emanuel Urquhart & Sullivan, LLP<br \/>\n\"EU Collective Redress at the Crossroad\"<\/td>\n<\/tr>\n<tr style=\"height: 72px;\">\n<td style=\"height: 72px; vertical-align: top; width: 16.0203%;\" width=\"94\">09:30-09:50<\/td>\n<td style=\"height: 72px; width: 83.5346%;\" width=\"507\"><strong>Marko Ile\u0161i\u010d<br \/>\n<\/strong>Judge at the Court of Justice of the European Union, Luxembourg<br \/>\n\u201cIntellectual Property Rights and Consumers\u2019 Interests in Digital Surroundings\u201d<\/td>\n<\/tr>\n<tr style=\"height: 72px;\">\n<td style=\"height: 72px; vertical-align: top; width: 16.0203%;\" width=\"94\">09:50-10:10<\/td>\n<td style=\"height: 72px; width: 83.5346%;\" width=\"507\"><strong>Maciej Szpunar<br \/>\n<\/strong>First Advocate General at the Court of Justice of the European Union, Luxembourg<br \/>\n\u201cThe Idea of Consent in the EU Data Protection Law\u201c<\/td>\n<\/tr>\n<tr style=\"height: 24px;\">\n<td style=\"height: 24px; vertical-align: top; width: 16.0203%;\" width=\"94\">10:10-11:00<\/td>\n<td style=\"height: 24px; width: 83.5346%;\" width=\"507\">Short Break<\/td>\n<\/tr>\n<tr style=\"height: 48px;\">\n<td style=\"height: 48px; width: 99.5549%;\" colspan=\"2\" width=\"601\"><strong><br \/>\nSession 7<br \/>\n<\/strong><strong>Chair: Emilia Mi\u0161\u0107eni\u0107<\/strong><\/td>\n<\/tr>\n<tr style=\"height: 72px;\">\n<td style=\"height: 72px; vertical-align: top; width: 16.0203%;\" width=\"94\">11:00-11:20<\/td>\n<td style=\"height: 72px; width: 83.5346%;\" width=\"507\"><strong>Richard Alderman<br \/>\n<\/strong>Professor Emeritus, University of Houston Law Centre,<br \/>\nUnited States<br \/>\n\u201cThe Big Problem With Enforcement of Consumer Rights - Arbitration\u201d<\/td>\n<\/tr>\n<tr style=\"height: 72px;\">\n<td style=\"height: 72px; vertical-align: top; width: 16.0203%;\" width=\"94\">11:20-11:40<\/td>\n<td style=\"height: 72px; width: 83.5346%;\" width=\"507\"><strong>Eleni Kaprou<br \/>\n<\/strong>Lecturer in Commercial Law, Brunel Law School London, United Kingdom<br \/>\n\u201dBetter Enforcement of Consumer Rights\u201d<\/td>\n<\/tr>\n<tr style=\"height: 72px;\">\n<td style=\"height: 72px; vertical-align: top; width: 16.0203%;\" width=\"94\">11:40-12:00<\/td>\n<td style=\"height: 72px; width: 83.5346%;\" width=\"507\"><strong>Damjan Mo\u017eina<br \/>\n<\/strong>Professor, Faculty of Law, University of Ljubljana, Slovenia<br \/>\n\u201cEnforcement of Consumer Rights in Crisis\u201d<\/td>\n<\/tr>\n<tr style=\"height: 24px;\">\n<td style=\"height: 24px; vertical-align: top; width: 16.0203%;\" width=\"94\">12:00-12:30<\/td>\n<td style=\"height: 24px; width: 83.5346%;\" width=\"507\">Question and discussion time<\/td>\n<\/tr>\n<tr style=\"height: 24px;\">\n<td style=\"height: 24px; vertical-align: top; width: 16.0203%;\" width=\"94\">12:30-13:00<\/td>\n<td style=\"height: 24px; width: 83.5346%;\" width=\"507\"><strong>Emilia Mi\u0161\u0107eni\u0107<br \/>\n<\/strong>Closing Address<\/td>\n<\/tr>\n<\/tbody>\n<\/table>\n<p>&nbsp;<\/p>\n<p>&nbsp;<\/p>\n<p>&nbsp;<\/p>\n\n\t\t<\/div>\n\t<\/div>\n<\/div><\/div><\/div><\/div>","protected":false},"excerpt":{"rendered":"7. znanstvena konferencija Petar \u0160ar\u010devi\u0107 Za\u0161tita potro\u0161a\u010da u tranziciji: Digitalna transformacija i bolja provedba 23. \u2013 25. rujna 2021., Opatija, Hrvatska | ONLINE\/ONSITE Organizatori: Sveu\u010dili\u0161te u Rijeci, Pravni fakultet Hanns-Seidel-Stiftung Hrvatska udruga za poredbeno pravo 1. DAN: \u010cetvrtak, 23 rujna 2021. 13:00-13:30 Registracija 13:30-14:00 Uvodna obra\u0107anja: &nbsp; &nbsp; Vesna Crni\u0107-Groti\u0107 Dekanica Pravnog fakulteta Sveu\u010dili\u0161ta u","protected":false},"author":3,"featured_media":0,"parent":0,"menu_order":0,"comment_status":"closed","ping_status":"closed","template":"","meta":[],"yoast_head":"<!-- This site is optimized with the Yoast SEO plugin v16.1.1 - https:\/\/yoast.com\/wordpress\/plugins\/seo\/ -->\n<title>Program konferencije<\/title>\n<meta name=\"description\" content=\"Sedma me\u0111unarodna znanstvena konferencija Petar \u0160ar\u010devi\u0107 posve\u0107ena je za\u0161titi potro\u0161a\u010da, posebice pitanjima digitalne transformacije te bolje provedbe i za\u0161tite prava potro\u0161a\u010da. Kao \u0161to se isti\u010de u Novoj strategiji za potro\u0161a\u010de i nedavno usvojenom Aktu o digitalnim tr\u017ei\u0161tima, prilagodba prava i politike potro\u0161a\u010da digitalnoj transformaciji ubraja se u glavne izazove novog digitalnog doba.\" \/>\n<link rel=\"canonical\" href=\"https:\/\/ps7.pravri.uniri.hr\/en\/program\/\" \/>\n<meta property=\"og:locale\" content=\"en_GB\" \/>\n<meta property=\"og:type\" content=\"article\" \/>\n<meta property=\"og:title\" content=\"Program konferencije\" \/>\n<meta property=\"og:description\" content=\"Sedma me\u0111unarodna znanstvena konferencija Petar \u0160ar\u010devi\u0107 posve\u0107ena je za\u0161titi potro\u0161a\u010da, posebice pitanjima digitalne transformacije te bolje provedbe i za\u0161tite prava potro\u0161a\u010da. Kao \u0161to se isti\u010de u Novoj strategiji za potro\u0161a\u010de i nedavno usvojenom Aktu o digitalnim tr\u017ei\u0161tima, prilagodba prava i politike potro\u0161a\u010da digitalnoj transformaciji ubraja se u glavne izazove novog digitalnog doba.\" \/>\n<meta property=\"og:url\" content=\"https:\/\/ps7.pravri.uniri.hr\/en\/program\/\" \/>\n<meta property=\"article:modified_time\" content=\"2021-07-21T18:47:59+00:00\" \/>\n<meta name=\"twitter:card\" content=\"summary_large_image\" \/>\n<meta name=\"twitter:label1\" content=\"Estimated reading time\">\n\t<meta name=\"twitter:data1\" content=\"5 minutes\">\n<script type=\"application\/ld+json\" class=\"yoast-schema-graph\">{\"@context\":\"https:\/\/schema.org\",\"@graph\":[{\"@type\":\"Organization\",\"@id\":\"https:\/\/ps7.pravri.uniri.hr\/#organization\",\"name\":\"Konferencija Petar \\u0160ar\\u010devi\\u0107\",\"url\":\"https:\/\/ps7.pravri.uniri.hr\/\",\"sameAs\":[],\"logo\":{\"@type\":\"ImageObject\",\"@id\":\"https:\/\/ps7.pravri.uniri.hr\/#logo\",\"inLanguage\":\"en-GB\",\"url\":\"https:\/\/ps7.pravri.uniri.hr\/wp-content\/uploads\/2021\/03\/PravRi.jpg\",\"contentUrl\":\"https:\/\/ps7.pravri.uniri.hr\/wp-content\/uploads\/2021\/03\/PravRi.jpg\",\"width\":708,\"height\":708,\"caption\":\"Konferencija Petar \\u0160ar\\u010devi\\u0107\"},\"image\":{\"@id\":\"https:\/\/ps7.pravri.uniri.hr\/#logo\"}},{\"@type\":\"WebSite\",\"@id\":\"https:\/\/ps7.pravri.uniri.hr\/#website\",\"url\":\"https:\/\/ps7.pravri.uniri.hr\/\",\"name\":\"\",\"description\":\"\",\"publisher\":{\"@id\":\"https:\/\/ps7.pravri.uniri.hr\/#organization\"},\"potentialAction\":[{\"@type\":\"SearchAction\",\"target\":\"https:\/\/ps7.pravri.uniri.hr\/?s={search_term_string}\",\"query-input\":\"required name=search_term_string\"}],\"inLanguage\":\"en-GB\"},{\"@type\":\"WebPage\",\"@id\":\"https:\/\/ps7.pravri.uniri.hr\/program\/#webpage\",\"url\":\"https:\/\/ps7.pravri.uniri.hr\/program\/\",\"name\":\"Program konferencije\",\"isPartOf\":{\"@id\":\"https:\/\/ps7.pravri.uniri.hr\/#website\"},\"datePublished\":\"2021-04-13T16:16:38+00:00\",\"dateModified\":\"2021-07-21T18:47:59+00:00\",\"description\":\"Sedma me\\u0111unarodna znanstvena konferencija Petar \\u0160ar\\u010devi\\u0107 posve\\u0107ena je za\\u0161titi potro\\u0161a\\u010da, posebice pitanjima digitalne transformacije te bolje provedbe i za\\u0161tite prava potro\\u0161a\\u010da. Kao \\u0161to se isti\\u010de u Novoj strategiji za potro\\u0161a\\u010de i nedavno usvojenom Aktu o digitalnim tr\\u017ei\\u0161tima, prilagodba prava i politike potro\\u0161a\\u010da digitalnoj transformaciji ubraja se u glavne izazove novog digitalnog doba.\",\"breadcrumb\":{\"@id\":\"https:\/\/ps7.pravri.uniri.hr\/program\/#breadcrumb\"},\"inLanguage\":\"en-GB\",\"potentialAction\":[{\"@type\":\"ReadAction\",\"target\":[\"https:\/\/ps7.pravri.uniri.hr\/program\/\"]}]},{\"@type\":\"BreadcrumbList\",\"@id\":\"https:\/\/ps7.pravri.uniri.hr\/program\/#breadcrumb\",\"itemListElement\":[{\"@type\":\"ListItem\",\"position\":1,\"item\":{\"@type\":\"WebPage\",\"@id\":\"https:\/\/ps7.pravri.uniri.hr\/\",\"url\":\"https:\/\/ps7.pravri.uniri.hr\/\",\"name\":\"Home\"}},{\"@type\":\"ListItem\",\"position\":2,\"item\":{\"@type\":\"WebPage\",\"@id\":\"https:\/\/ps7.pravri.uniri.hr\/program\/\",\"url\":\"https:\/\/ps7.pravri.uniri.hr\/program\/\",\"name\":\"Program\"}}]}]}<\/script>\n<!-- \/ Yoast SEO plugin. -->","_links":{"self":[{"href":"https:\/\/ps7.pravri.uniri.hr\/en\/wp-json\/wp\/v2\/pages\/25542"}],"collection":[{"href":"https:\/\/ps7.pravri.uniri.hr\/en\/wp-json\/wp\/v2\/pages"}],"about":[{"href":"https:\/\/ps7.pravri.uniri.hr\/en\/wp-json\/wp\/v2\/types\/page"}],"author":[{"embeddable":true,"href":"https:\/\/ps7.pravri.uniri.hr\/en\/wp-json\/wp\/v2\/users\/3"}],"replies":[{"embeddable":true,"href":"https:\/\/ps7.pravri.uniri.hr\/en\/wp-json\/wp\/v2\/comments?post=25542"}],"version-history":[{"count":38,"href":"https:\/\/ps7.pravri.uniri.hr\/en\/wp-json\/wp\/v2\/pages\/25542\/revisions"}],"predecessor-version":[{"id":31573,"href":"https:\/\/ps7.pravri.uniri.hr\/en\/wp-json\/wp\/v2\/pages\/25542\/revisions\/31573"}],"wp:attachment":[{"href":"https:\/\/ps7.pravri.uniri.hr\/en\/wp-json\/wp\/v2\/media?parent=25542"}],"curies":[{"name":"wp","href":"https:\/\/api.w.org\/{rel}","templated":true}]}}