{"id":8267,"date":"2021-03-04T14:49:44","date_gmt":"2021-03-04T13:49:44","guid":{"rendered":"https:\/\/ps7.pravri.uniri.hr\/?page_id=8267"},"modified":"2021-04-27T21:11:09","modified_gmt":"2021-04-27T20:11:09","slug":"potpora","status":"publish","type":"page","link":"https:\/\/ps7.pravri.uniri.hr\/en\/potpora\/","title":{"rendered":"Supporters"},"content":{"rendered":"<div class=\"vc_row wpb_row vc_row-fluid\"><div class=\"wpb_column vc_column_container vc_col-sm-12\"><div class=\"vc_column-inner\"><div class=\"wpb_wrapper\"><div class=\"vc_separator wpb_content_element vc_separator_align_center vc_sep_width_100 vc_sep_pos_align_center vc_sep_color_grey vc_separator-has-text\" ><span class=\"vc_sep_holder vc_sep_holder_l\"><span  class=\"vc_sep_line\"><\/span><\/span><div class=\"vc_icon_element vc_icon_element-outer vc_icon_element-align-left\"><div class=\"vc_icon_element-inner vc_icon_element-color-custom vc_icon_element-size-md vc_icon_element-style- vc_icon_element-background-color-grey\" ><span class=\"vc_icon_element-icon fas fa-handshake\" style=\"color:#ff5722 !important\"><\/span><\/div><\/div><h4>SUPPORTERS<\/h4><span class=\"vc_sep_holder vc_sep_holder_r\"><span  class=\"vc_sep_line\"><\/span><\/span>\n<\/div>\n\t<div class=\"wpb_text_column wpb_content_element\" >\n\t\t<div class=\"wpb_wrapper\">\n\t\t\t<p style=\"text-align: center;\"><span style=\"font-weight: 400; font-size: 14pt;\">We would like to thank for the support in organizing this conference:<\/span><\/p>\n<p>&nbsp;<\/p>\n<p style=\"text-align: center;\"><a href=\"https:\/\/mingor.gov.hr\/\" target=\"_blank\" rel=\"noopener\"><img loading=\"lazy\" class=\"alignnone wp-image-8668 aligncenter\" src=\"https:\/\/ps7.pravri.uniri.hr\/wp-content\/uploads\/2021\/03\/MGOR_EN_4C-1024x435.jpg\" alt=\"\" width=\"460\" height=\"195\" srcset=\"https:\/\/ps7.pravri.uniri.hr\/wp-content\/uploads\/2021\/03\/MGOR_EN_4C-1024x435.jpg 1024w, https:\/\/ps7.pravri.uniri.hr\/wp-content\/uploads\/2021\/03\/MGOR_EN_4C-300x127.jpg 300w, https:\/\/ps7.pravri.uniri.hr\/wp-content\/uploads\/2021\/03\/MGOR_EN_4C-768x326.jpg 768w, https:\/\/ps7.pravri.uniri.hr\/wp-content\/uploads\/2021\/03\/MGOR_EN_4C-1536x653.jpg 1536w, https:\/\/ps7.pravri.uniri.hr\/wp-content\/uploads\/2021\/03\/MGOR_EN_4C-2048x870.jpg 2048w\" sizes=\"(max-width: 460px) 100vw, 460px\" \/><\/a><span style=\"font-size: 12pt;\">Ministry of Economy and Sustainable Development of the Republic of Croatia<\/span><\/p>\n<p>&nbsp;<\/p>\n<p style=\"text-align: center;\"><a href=\"https:\/\/pravri.uniri.hr\/hr\/znanost\/znanstvenoistrazivacki-projekti\/85-hr\/znanost\/projekti\/1603-regulacija-ict.html\" target=\"_blank\" rel=\"noopener\"><img loading=\"lazy\" class=\"alignnone wp-image-8442 size-full aligncenter\" src=\"https:\/\/ps7.pravri.uniri.hr\/wp-content\/uploads\/2021\/03\/logoUniri-300x100-1.png\" alt=\"\" width=\"300\" height=\"100\" \/><\/a><span style=\"font-size: 14pt;\"><span style=\"font-size: 12pt;\">UNIRI project project No. 18-214 \"Efficient Regulation of the Digital Market<\/span><br \/>\n<span style=\"font-size: 12pt;\">to Boost Innovation in the ICT Sector\".<\/span><br \/>\n<\/span><\/p>\n<p>\u00a0<\/p>\n\n\t\t<\/div>\n\t<\/div>\n<\/div><\/div><\/div><div class=\"wpb_column vc_column_container vc_col-sm-12\"><div class=\"vc_column-inner\"><div class=\"wpb_wrapper\"><div class=\"vc_separator wpb_content_element vc_separator_align_center vc_sep_width_100 vc_sep_pos_align_center vc_sep_color_grey vc_separator-has-text\" ><span class=\"vc_sep_holder vc_sep_holder_l\"><span  class=\"vc_sep_line\"><\/span><\/span><div class=\"vc_icon_element vc_icon_element-outer vc_icon_element-align-left\"><div class=\"vc_icon_element-inner vc_icon_element-color-custom vc_icon_element-size-md vc_icon_element-style- vc_icon_element-background-color-grey\" ><span class=\"vc_icon_element-icon fas fa-bullhorn\" style=\"color:#ff5722 !important\"><\/span><\/div><\/div><h4>SPONSOR<\/h4><span class=\"vc_sep_holder vc_sep_holder_r\"><span  class=\"vc_sep_line\"><\/span><\/span>\n<\/div>\n\t<div class=\"wpb_text_column wpb_content_element\" >\n\t\t<div class=\"wpb_wrapper\">\n\t\t\t<p style=\"text-align: center;\"><span style=\"font-weight: 400; font-size: 14pt;\">We would like to thank the following institution for its sponsorship of the conference:<\/span><\/p>\n<p>&nbsp;<\/p>\n<p><a href=\"http:\/\/www.imc.com.hr\/\" target=\"_blank\" rel=\"noopener\"><img loading=\"lazy\" class=\"wp-image-8341 size-full aligncenter\" src=\"https:\/\/ps7.pravri.uniri.hr\/wp-content\/uploads\/2021\/03\/IMC-logo.png\" alt=\"\" width=\"180\" height=\"64\" \/><\/a><\/p>\n\n\t\t<\/div>\n\t<\/div>\n<\/div><\/div><\/div><div class=\"wpb_column vc_column_container vc_col-sm-6\"><div class=\"vc_column-inner\"><div class=\"wpb_wrapper\"><\/div><\/div><\/div><div class=\"wpb_column vc_column_container vc_col-sm-6\"><div class=\"vc_column-inner\"><div class=\"wpb_wrapper\"><\/div><\/div><\/div><\/div>","protected":false},"excerpt":{"rendered":"POKROVITELJI \u017deljeli bismo se zahvaliti na pru\u017eenoj potpori u organizaciji ove konferencije: &nbsp; Ministarstvo gospodarstva i odr\u017eivog razvoja Republike Hrvatske &nbsp; UNIRI projekt br. 18-214 \u201eU\u010dinkovita regulacija digitalnog tr\u017ei\u0161ta kao poticaj inovacijama u ICT sektoru\u201c \u00a0 SPONZORI \u017deljeli bismo se zahvaliti sljede\u0107em trgova\u010dkom dru\u0161tvu na njegovoj potpori u organizaciji ove konferencije: &nbsp;","protected":false},"author":3,"featured_media":0,"parent":0,"menu_order":0,"comment_status":"closed","ping_status":"closed","template":"","meta":[],"yoast_head":"<!-- This site is optimized with the Yoast SEO plugin v16.1.1 - https:\/\/yoast.com\/wordpress\/plugins\/seo\/ -->\n<title>Potpora<\/title>\n<meta name=\"description\" content=\"Pokrovitelji i sponzori konferencije\" \/>\n<link rel=\"canonical\" href=\"https:\/\/ps7.pravri.uniri.hr\/en\/potpora\/\" \/>\n<meta property=\"og:locale\" content=\"en_GB\" \/>\n<meta property=\"og:type\" content=\"article\" \/>\n<meta property=\"og:title\" content=\"Potpora\" \/>\n<meta property=\"og:description\" content=\"Pokrovitelji i sponzori konferencije\" \/>\n<meta property=\"og:url\" content=\"https:\/\/ps7.pravri.uniri.hr\/en\/potpora\/\" \/>\n<meta property=\"article:modified_time\" content=\"2021-04-27T20:11:09+00:00\" \/>\n<meta property=\"og:image\" content=\"https:\/\/ps7.pravri.uniri.hr\/wp-content\/uploads\/2021\/03\/MGOR_EN_4C-1024x435.jpg\" \/>\n<meta name=\"twitter:card\" content=\"summary_large_image\" \/>\n<meta name=\"twitter:label1\" content=\"Estimated reading time\">\n\t<meta name=\"twitter:data1\" content=\"1 minute\">\n<script type=\"application\/ld+json\" class=\"yoast-schema-graph\">{\"@context\":\"https:\/\/schema.org\",\"@graph\":[{\"@type\":\"Organization\",\"@id\":\"https:\/\/ps7.pravri.uniri.hr\/#organization\",\"name\":\"Konferencija Petar \\u0160ar\\u010devi\\u0107\",\"url\":\"https:\/\/ps7.pravri.uniri.hr\/\",\"sameAs\":[],\"logo\":{\"@type\":\"ImageObject\",\"@id\":\"https:\/\/ps7.pravri.uniri.hr\/#logo\",\"inLanguage\":\"en-GB\",\"url\":\"https:\/\/ps7.pravri.uniri.hr\/wp-content\/uploads\/2021\/03\/PravRi.jpg\",\"contentUrl\":\"https:\/\/ps7.pravri.uniri.hr\/wp-content\/uploads\/2021\/03\/PravRi.jpg\",\"width\":708,\"height\":708,\"caption\":\"Konferencija Petar \\u0160ar\\u010devi\\u0107\"},\"image\":{\"@id\":\"https:\/\/ps7.pravri.uniri.hr\/#logo\"}},{\"@type\":\"WebSite\",\"@id\":\"https:\/\/ps7.pravri.uniri.hr\/#website\",\"url\":\"https:\/\/ps7.pravri.uniri.hr\/\",\"name\":\"\",\"description\":\"\",\"publisher\":{\"@id\":\"https:\/\/ps7.pravri.uniri.hr\/#organization\"},\"potentialAction\":[{\"@type\":\"SearchAction\",\"target\":\"https:\/\/ps7.pravri.uniri.hr\/?s={search_term_string}\",\"query-input\":\"required name=search_term_string\"}],\"inLanguage\":\"en-GB\"},{\"@type\":\"ImageObject\",\"@id\":\"https:\/\/ps7.pravri.uniri.hr\/potpora\/#primaryimage\",\"inLanguage\":\"en-GB\",\"url\":\"https:\/\/ps7.pravri.uniri.hr\/wp-content\/uploads\/2021\/03\/MGOR_EN_4C.jpg\",\"contentUrl\":\"https:\/\/ps7.pravri.uniri.hr\/wp-content\/uploads\/2021\/03\/MGOR_EN_4C.jpg\",\"width\":2363,\"height\":1004},{\"@type\":\"WebPage\",\"@id\":\"https:\/\/ps7.pravri.uniri.hr\/potpora\/#webpage\",\"url\":\"https:\/\/ps7.pravri.uniri.hr\/potpora\/\",\"name\":\"Potpora\",\"isPartOf\":{\"@id\":\"https:\/\/ps7.pravri.uniri.hr\/#website\"},\"primaryImageOfPage\":{\"@id\":\"https:\/\/ps7.pravri.uniri.hr\/potpora\/#primaryimage\"},\"datePublished\":\"2021-03-04T13:49:44+00:00\",\"dateModified\":\"2021-04-27T20:11:09+00:00\",\"description\":\"Pokrovitelji i sponzori konferencije\",\"breadcrumb\":{\"@id\":\"https:\/\/ps7.pravri.uniri.hr\/potpora\/#breadcrumb\"},\"inLanguage\":\"en-GB\",\"potentialAction\":[{\"@type\":\"ReadAction\",\"target\":[\"https:\/\/ps7.pravri.uniri.hr\/potpora\/\"]}]},{\"@type\":\"BreadcrumbList\",\"@id\":\"https:\/\/ps7.pravri.uniri.hr\/potpora\/#breadcrumb\",\"itemListElement\":[{\"@type\":\"ListItem\",\"position\":1,\"item\":{\"@type\":\"WebPage\",\"@id\":\"https:\/\/ps7.pravri.uniri.hr\/\",\"url\":\"https:\/\/ps7.pravri.uniri.hr\/\",\"name\":\"Home\"}},{\"@type\":\"ListItem\",\"position\":2,\"item\":{\"@type\":\"WebPage\",\"@id\":\"https:\/\/ps7.pravri.uniri.hr\/potpora\/\",\"url\":\"https:\/\/ps7.pravri.uniri.hr\/potpora\/\",\"name\":\"Potpora\"}}]}]}<\/script>\n<!-- \/ Yoast SEO plugin. -->","_links":{"self":[{"href":"https:\/\/ps7.pravri.uniri.hr\/en\/wp-json\/wp\/v2\/pages\/8267"}],"collection":[{"href":"https:\/\/ps7.pravri.uniri.hr\/en\/wp-json\/wp\/v2\/pages"}],"about":[{"href":"https:\/\/ps7.pravri.uniri.hr\/en\/wp-json\/wp\/v2\/types\/page"}],"author":[{"embeddable":true,"href":"https:\/\/ps7.pravri.uniri.hr\/en\/wp-json\/wp\/v2\/users\/3"}],"replies":[{"embeddable":true,"href":"https:\/\/ps7.pravri.uniri.hr\/en\/wp-json\/wp\/v2\/comments?post=8267"}],"version-history":[{"count":24,"href":"https:\/\/ps7.pravri.uniri.hr\/en\/wp-json\/wp\/v2\/pages\/8267\/revisions"}],"predecessor-version":[{"id":29430,"href":"https:\/\/ps7.pravri.uniri.hr\/en\/wp-json\/wp\/v2\/pages\/8267\/revisions\/29430"}],"wp:attachment":[{"href":"https:\/\/ps7.pravri.uniri.hr\/en\/wp-json\/wp\/v2\/media?parent=8267"}],"curies":[{"name":"wp","href":"https:\/\/api.w.org\/{rel}","templated":true}]}}